{"id":2,"date":"2016-08-18T17:34:50","date_gmt":"2016-08-18T17:34:50","guid":{"rendered":"http:\/\/www.educa.una.py\/sitio\/?page_id=2"},"modified":"2016-08-19T19:07:11","modified_gmt":"2016-08-19T19:07:11","slug":"nosotros","status":"publish","type":"page","link":"https:\/\/ead.pol.una.py\/sitio\/index.php\/nosotros\/","title":{"rendered":"Sobre Nosotros"},"content":{"rendered":"<p>El Departamento de Elearning, es un modelo pedag\u00f3gico elaborado para dar respuesta a las necesidades de aprendizaje de los estudiantes, este modelo debe ser integrado y debe pautar toda la din\u00e1mica organizativa de la instituci\u00f3n. Esta estructura permitir\u00e1 una gesti\u00f3n integrada de los recursos que garantizara la transversalidad de las acciones educativas, una organizaci\u00f3n de servicios que permita la realizaci\u00f3n, la producci\u00f3n y la distribuci\u00f3n de las acciones formativas propias de la instituci\u00f3n.<\/p>\n<p><strong>Misi\u00f3n<\/strong><\/p>\n<p>En el Departamento de Elearning se implementan servicios las Tecnolog\u00edas de la Informaci\u00f3n y Comunicaci\u00f3n (TIC) para la educaci\u00f3n, as\u00ed como tambi\u00e9n, la aplicaci\u00f3n de la metodolog\u00edas, que contribuyen al logro de la excelencia acad\u00e9mica y al liderazgo de la FP-UNA.<\/p>\n<p><strong>Visi\u00f3n<\/strong><\/p>\n<p>Que toda la comunidad del aprendizaje de la UNA utilice de forma correcta las TIC\u2019s, como medio y material en sus procesos de ense\u00f1anza-aprendizaje.<br \/>\nObjetivos<\/p>\n<p>1. Contribuir con los Departamentos de la FP-UNA, para el dise\u00f1o e implementaci\u00f3n de<br \/>\nprogramas y recursos acad\u00e9micos en la modalidad virtual.<br \/>\n2. Apoyar a los programas acad\u00e9micos promoviendo y facilitando el intercambio de<br \/>\nconocimientos a trav\u00e9s de tecnolog\u00edas de informaci\u00f3n y comunicaci\u00f3n.<br \/>\n3. Promover el desarrollo de proyectos a trav\u00e9s de redes que permitan el fortalecimiento de<br \/>\nlos programas acad\u00e9micos y el quehacer investigativo.<br \/>\n4. Investigar, evaluar e implementar nuevas tecnolog\u00edas y metodolog\u00edas que favorezcan el<br \/>\naprendizaje para apoyar el logro de la calidad educativa.<\/p>\n","protected":false},"excerpt":{"rendered":"<p>El Departamento de Elearning, es un modelo pedag\u00f3gico elaborado para dar respuesta a las necesidades&#46;&#46;&#46;<\/p>\n","protected":false},"author":1,"featured_media":0,"parent":0,"menu_order":0,"comment_status":"closed","ping_status":"open","template":"","meta":{"footnotes":""},"class_list":["post-2","page","type-page","status-publish","hentry"],"_links":{"self":[{"href":"https:\/\/ead.pol.una.py\/sitio\/index.php\/wp-json\/wp\/v2\/pages\/2","targetHints":{"allow":["GET"]}}],"collection":[{"href":"https:\/\/ead.pol.una.py\/sitio\/index.php\/wp-json\/wp\/v2\/pages"}],"about":[{"href":"https:\/\/ead.pol.una.py\/sitio\/index.php\/wp-json\/wp\/v2\/types\/page"}],"author":[{"embeddable":true,"href":"https:\/\/ead.pol.una.py\/sitio\/index.php\/wp-json\/wp\/v2\/users\/1"}],"replies":[{"embeddable":true,"href":"https:\/\/ead.pol.una.py\/sitio\/index.php\/wp-json\/wp\/v2\/comments?post=2"}],"version-history":[{"count":3,"href":"https:\/\/ead.pol.una.py\/sitio\/index.php\/wp-json\/wp\/v2\/pages\/2\/revisions"}],"predecessor-version":[{"id":42,"href":"https:\/\/ead.pol.una.py\/sitio\/index.php\/wp-json\/wp\/v2\/pages\/2\/revisions\/42"}],"wp:attachment":[{"href":"https:\/\/ead.pol.una.py\/sitio\/index.php\/wp-json\/wp\/v2\/media?parent=2"}],"curies":[{"name":"wp","href":"https:\/\/api.w.org\/{rel}","templated":true}]}}